{"id":2,"date":"2023-10-08T17:50:15","date_gmt":"2023-10-08T17:50:15","guid":{"rendered":"http:\/\/astridsgenusswelt.de\/?page_id=2"},"modified":"2024-02-24T11:02:04","modified_gmt":"2024-02-24T11:02:04","slug":"sample-page","status":"publish","type":"page","link":"https:\/\/astridsgenusswelt.de\/","title":{"rendered":"Astrid Br\u00e4uer \u00b7 Edelschmaus"},"content":{"rendered":"\n<h1 class=\"wp-block-heading alignwide has-text-align-center\">Astrid Br\u00e4uer \u00b7 Edelschmaus<\/h1>\n\n\n<div class=\"wp-block-image\">\n<figure class=\"alignleft size-full\"><img loading=\"lazy\" decoding=\"async\" width=\"450\" height=\"450\" src=\"https:\/\/astridsgenusswelt.de\/wp-content\/uploads\/2023\/11\/astridsgenusswelt.jpg\" alt=\"\" class=\"wp-image-25\"\/><\/figure><\/div>\n\n\n<p>Ich freue mich \u00fcber Deinen Besuch und w\u00fcnsche Dir viel Spa\u00df beim genussvollen Entdecken der gro\u00dfen Auswahl an raffinierten Gew\u00fcrzzubereitungen, Essigspezialit\u00e4ten, edlen \u00d6len und vielem mehr. <a href=\"https:\/\/astridsgenusswelt.edelschmaus.com\/\">Hier geht&#8217;s zum  Webshop<\/a>.<\/p>\n\n\n\n<hr class=\"wp-block-separator has-alpha-channel-opacity is-style-twentytwentyone-separator-thick\"\/>\n\n\n\n<p>Willst du mehr lesen zum Thema Essen, Gew\u00fcrze und \u00d6len? Hier geht&#8217;s <a href=\"https:\/\/astridsgenusswelt.de\/?p=1\">zu meinem Blog<\/a>.<\/p>\n\n\n\n<div class=\"wp-block-group is-layout-constrained wp-block-group-is-layout-constrained\"><div class=\"wp-block-group__inner-container\"><\/div><\/div>\n","protected":false},"excerpt":{"rendered":"<p>Astrid Br\u00e4uer \u00b7 Edelschmaus Ich freue mich \u00fcber Deinen Besuch und w\u00fcnsche Dir viel Spa\u00df beim genussvollen Entdecken der gro\u00dfen Auswahl an raffinierten Gew\u00fcrzzubereitungen, Essigspezialit\u00e4ten, edlen \u00d6len und vielem mehr. Hier geht&#8217;s zum Webshop. Willst du mehr lesen zum Thema Essen, Gew\u00fcrze und \u00d6len? Hier geht&#8217;s zu meinem Blog.<\/p>\n","protected":false},"author":1,"featured_media":0,"parent":0,"menu_order":0,"comment_status":"closed","ping_status":"open","template":"","meta":{"footnotes":""},"_links":{"self":[{"href":"https:\/\/astridsgenusswelt.de\/index.php?rest_route=\/wp\/v2\/pages\/2"}],"collection":[{"href":"https:\/\/astridsgenusswelt.de\/index.php?rest_route=\/wp\/v2\/pages"}],"about":[{"href":"https:\/\/astridsgenusswelt.de\/index.php?rest_route=\/wp\/v2\/types\/page"}],"author":[{"embeddable":true,"href":"https:\/\/astridsgenusswelt.de\/index.php?rest_route=\/wp\/v2\/users\/1"}],"replies":[{"embeddable":true,"href":"https:\/\/astridsgenusswelt.de\/index.php?rest_route=%2Fwp%2Fv2%2Fcomments&post=2"}],"version-history":[{"count":19,"href":"https:\/\/astridsgenusswelt.de\/index.php?rest_route=\/wp\/v2\/pages\/2\/revisions"}],"predecessor-version":[{"id":45,"href":"https:\/\/astridsgenusswelt.de\/index.php?rest_route=\/wp\/v2\/pages\/2\/revisions\/45"}],"wp:attachment":[{"href":"https:\/\/astridsgenusswelt.de\/index.php?rest_route=%2Fwp%2Fv2%2Fmedia&parent=2"}],"curies":[{"name":"wp","href":"https:\/\/api.w.org\/{rel}","templated":true}]}}